{"id":2175,"date":"2024-05-24T03:55:32","date_gmt":"2024-05-24T03:55:32","guid":{"rendered":"https:\/\/foodtopiahn.com\/index.php\/portafolio\/"},"modified":"2024-05-30T04:12:17","modified_gmt":"2024-05-30T04:12:17","slug":"portafolio","status":"publish","type":"page","link":"https:\/\/foodtopiahn.com\/index.php\/portafolio\/","title":{"rendered":"Portafolio"},"content":{"rendered":"<div data-colibri-id=\"2175-c1\" class=\"style-1141 style-local-2175-c1 position-relative\">\n  <!---->\n  <div data-colibri-component=\"section\" data-colibri-id=\"2175-c2\" id=\"photo-gallery\" class=\"h-section h-section-global-spacing d-flex align-items-lg-center align-items-md-center align-items-center style-1142 style-local-2175-c2 position-relative\">\n    <!---->\n    <!---->\n    <div class=\"h-section-grid-container h-section-boxed-container\">\n      <div data-colibri-id=\"2175-c6\" class=\"h-row-container gutters-row-lg-2 gutters-row-md-2 gutters-row-2 gutters-row-v-lg-2 gutters-row-v-md-2 gutters-row-v-2 style-1146 style-local-2175-c6 position-relative\">\n        <!---->\n        <div class=\"h-row justify-content-lg-center justify-content-md-center justify-content-center align-items-lg-stretch align-items-md-stretch align-items-stretch gutters-col-lg-2 gutters-col-md-2 gutters-col-2 gutters-col-v-lg-2 gutters-col-v-md-2 gutters-col-v-2\">\n          <!---->\n          <div class=\"h-column h-column-container d-flex h-col-lg-auto h-col-md-auto h-col-auto style-1147-outer style-local-2175-c7-outer\">\n            <div data-colibri-id=\"2175-c7\" class=\"d-flex h-flex-basis h-column__inner h-px-lg-2 h-px-md-2 h-px-2 v-inner-lg-2 v-inner-md-2 v-inner-2 style-1147 style-local-2175-c7 position-relative\">\n              <!---->\n              <!---->\n              <div class=\"w-100 h-y-container h-column__content h-column__v-align flex-basis-100 align-self-lg-start align-self-md-start align-self-start\">\n                <!---->\n                <div data-colibri-id=\"2175-c8\" class=\"h-lead h-text h-text-component style-1149 style-local-2175-c8 position-relative h-element\">\n                  <!---->\n                  <!---->\n                  <div class=\"\">\n                    <p><span style=\"font-family: Montserrat; font-size: 79%; color: rgb(24, 39, 46);\" data-sider-select-id=\"d29d2364-b7aa-47fb-99d5-289aaf616fd3\">Explor\u00e1 nuestra galer\u00eda de fotograf\u00edas de alimentos: capturamos la esencia de cada plato con pasi\u00f3n y dedicaci\u00f3n.<\/span><\/p>\n                  <\/div>\n                <\/div>\n              <\/div>\n            <\/div>\n          <\/div>\n        <\/div>\n      <\/div>\n      <div data-colibri-id=\"2175-c3\" class=\"h-row-container gutters-row-lg-2 gutters-row-md-2 gutters-row-2 gutters-row-v-lg-2 gutters-row-v-md-2 gutters-row-v-2 style-1143 style-local-2175-c3 position-relative\">\n        <!---->\n        <div class=\"h-row justify-content-lg-center justify-content-md-center justify-content-center align-items-lg-stretch align-items-md-stretch align-items-stretch gutters-col-lg-2 gutters-col-md-2 gutters-col-2 gutters-col-v-lg-2 gutters-col-v-md-2 gutters-col-v-2\">\n          <!---->\n          <div class=\"h-column h-column-container d-flex h-col-lg-auto h-col-md-auto h-col-auto style-1144-outer style-local-2175-c4-outer\">\n            <div data-colibri-id=\"2175-c4\" class=\"d-flex h-flex-basis h-column__inner h-px-lg-2 h-px-md-2 h-px-2 v-inner-lg-2 v-inner-md-2 v-inner-2 style-1144 style-local-2175-c4 position-relative\">\n              <!---->\n              <!---->\n              <div class=\"w-100 h-y-container h-column__content h-column__v-align flex-basis-100 align-self-lg-start align-self-md-start align-self-start\">\n                <!---->\n                <div data-colibri-component=\"masonry\" data-colibri-id=\"2175-c5\" class=\"h-photo-gallery margin-none caption-none style-1145 style-local-2175-c5 position-relative h-element\">\n                  <!---->\n                  <div class=\"h-global-transition-all caption-wrapper-full\"><div id='colibri-2175-c5' class='gallery-wrapper'>    <style type=\"text\/css\">\n\n        @media (min-width: 1023px) {        #colibri-2175-c5        dl {\n            float: left;\n            width: 33.333333333333% !important;\n            max-width: 33.333333333333% !important;\n            min-width: 33.333333333333% !important;\n        }\n\n        #colibri-2175-c5        dl:nth-of-type(3n +1 ) {\n            clear: both;\n        }\n\n        }@media (min-width: 768px) and (max-width: 1023px) {        #colibri-2175-c5        dl {\n            float: left;\n            width: 33.333333333333% !important;\n            max-width: 33.333333333333% !important;\n            min-width: 33.333333333333% !important;\n        }\n\n        #colibri-2175-c5        dl:nth-of-type(3n +1 ) {\n            clear: both;\n        }\n\n        }@media (max-width: 767px) {        #colibri-2175-c5        dl {\n            float: left;\n            width: 50% !important;\n            max-width: 50% !important;\n            min-width: 50% !important;\n        }\n\n        #colibri-2175-c5        dl:nth-of-type(2n +1 ) {\n            clear: both;\n        }\n\n        }\n        #colibri-2175-c5        .gallery-item {\n            position: relative;\n        }\n\n        \n    <\/style>\n    <div   class='colibri-2175-c5-dls-wrapper gallery-items-wrapper' ><dl class='gallery-item masonry-item'>\n\t\t\t<dt class='gallery-icon portrait'>\n\t\t\t\t<a data-fancybox=\"colibri-2175-c5-group\" href='https:\/\/foodtopiahn.com\/wp-content\/uploads\/2024\/05\/5-Foodstyling-Foodtopia.jpg'><img fetchpriority=\"high\" decoding=\"async\"  width=\"200\" height=\"300\" src=\"https:\/\/foodtopiahn.com\/wp-content\/uploads\/2024\/05\/5-Foodstyling-Foodtopia.jpg\"  class='colibri-2175-c5-image' alt=\"\" \/><\/a>\n\t\t\t<\/dt><\/dl><dl class='gallery-item masonry-item'>\n\t\t\t<dt class='gallery-icon portrait'>\n\t\t\t\t<a data-fancybox=\"colibri-2175-c5-group\" href='https:\/\/foodtopiahn.com\/wp-content\/uploads\/2024\/05\/6-Foodstyling-Foodtopia.jpg'><img decoding=\"async\"  width=\"240\" height=\"300\" src=\"https:\/\/foodtopiahn.com\/wp-content\/uploads\/2024\/05\/6-Foodstyling-Foodtopia.jpg\"  class='colibri-2175-c5-image' alt=\"\" \/><\/a>\n\t\t\t<\/dt><\/dl><dl class='gallery-item masonry-item'>\n\t\t\t<dt class='gallery-icon portrait'>\n\t\t\t\t<a data-fancybox=\"colibri-2175-c5-group\" href='https:\/\/foodtopiahn.com\/wp-content\/uploads\/2024\/05\/7-Foodstyling-Foodtopia.jpg'><img decoding=\"async\"  width=\"200\" height=\"300\" src=\"https:\/\/foodtopiahn.com\/wp-content\/uploads\/2024\/05\/7-Foodstyling-Foodtopia.jpg\"  class='colibri-2175-c5-image' alt=\"\" \/><\/a>\n\t\t\t<\/dt><\/dl><dl class='gallery-item masonry-item'>\n\t\t\t<dt class='gallery-icon landscape'>\n\t\t\t\t<a data-fancybox=\"colibri-2175-c5-group\" href='https:\/\/foodtopiahn.com\/wp-content\/uploads\/2024\/05\/8-Foodstyling-Foodtopia.jpg'><img loading=\"lazy\" decoding=\"async\"  width=\"300\" height=\"200\" src=\"https:\/\/foodtopiahn.com\/wp-content\/uploads\/2024\/05\/8-Foodstyling-Foodtopia.jpg\"  class='colibri-2175-c5-image' alt=\"\" \/><\/a>\n\t\t\t<\/dt><\/dl><dl class='gallery-item masonry-item'>\n\t\t\t<dt class='gallery-icon landscape'>\n\t\t\t\t<a data-fancybox=\"colibri-2175-c5-group\" href='https:\/\/foodtopiahn.com\/wp-content\/uploads\/2024\/05\/9-Foodstyling-Foodtopia.jpg'><img loading=\"lazy\" decoding=\"async\"  width=\"300\" height=\"300\" src=\"https:\/\/foodtopiahn.com\/wp-content\/uploads\/2024\/05\/9-Foodstyling-Foodtopia.jpg\"  class='colibri-2175-c5-image' alt=\"\" \/><\/a>\n\t\t\t<\/dt><\/dl><dl class='gallery-item masonry-item'>\n\t\t\t<dt class='gallery-icon landscape'>\n\t\t\t\t<a data-fancybox=\"colibri-2175-c5-group\" href='https:\/\/foodtopiahn.com\/wp-content\/uploads\/2024\/05\/10-Foodstyling-Foodtopia.jpg'><img loading=\"lazy\" decoding=\"async\"  width=\"300\" height=\"300\" src=\"https:\/\/foodtopiahn.com\/wp-content\/uploads\/2024\/05\/10-Foodstyling-Foodtopia.jpg\"  class='colibri-2175-c5-image' alt=\"\" \/><\/a>\n\t\t\t<\/dt><\/dl><dl class='gallery-item masonry-item'>\n\t\t\t<dt class='gallery-icon landscape'>\n\t\t\t\t<a data-fancybox=\"colibri-2175-c5-group\" href='https:\/\/foodtopiahn.com\/wp-content\/uploads\/2024\/05\/11-Foodstyling-Foodtopia.jpg'><img loading=\"lazy\" decoding=\"async\"  width=\"300\" height=\"300\" src=\"https:\/\/foodtopiahn.com\/wp-content\/uploads\/2024\/05\/11-Foodstyling-Foodtopia.jpg\"  class='colibri-2175-c5-image' alt=\"\" \/><\/a>\n\t\t\t<\/dt><\/dl><dl class='gallery-item masonry-item'>\n\t\t\t<dt class='gallery-icon portrait'>\n\t\t\t\t<a data-fancybox=\"colibri-2175-c5-group\" href='https:\/\/foodtopiahn.com\/wp-content\/uploads\/2024\/05\/12-Foodstyling-Foodtopia.jpg'><img loading=\"lazy\" decoding=\"async\"  width=\"240\" height=\"300\" src=\"https:\/\/foodtopiahn.com\/wp-content\/uploads\/2024\/05\/12-Foodstyling-Foodtopia.jpg\"  class='colibri-2175-c5-image' alt=\"\" \/><\/a>\n\t\t\t<\/dt><\/dl><dl class='gallery-item masonry-item'>\n\t\t\t<dt class='gallery-icon landscape'>\n\t\t\t\t<a data-fancybox=\"colibri-2175-c5-group\" href='https:\/\/foodtopiahn.com\/wp-content\/uploads\/2024\/05\/14-Foodstyling-Foodtopia.jpg'><img loading=\"lazy\" decoding=\"async\"  width=\"300\" height=\"300\" src=\"https:\/\/foodtopiahn.com\/wp-content\/uploads\/2024\/05\/14-Foodstyling-Foodtopia.jpg\"  class='colibri-2175-c5-image' alt=\"\" \/><\/a>\n\t\t\t<\/dt><\/dl><dl class='gallery-item masonry-item'>\n\t\t\t<dt class='gallery-icon portrait'>\n\t\t\t\t<a data-fancybox=\"colibri-2175-c5-group\" href='https:\/\/foodtopiahn.com\/wp-content\/uploads\/2024\/05\/9PA02423.jpg'><img loading=\"lazy\" decoding=\"async\"  width=\"200\" height=\"300\" src=\"https:\/\/foodtopiahn.com\/wp-content\/uploads\/2024\/05\/9PA02423.jpg\"  class='colibri-2175-c5-image' alt=\"\" \/><\/a>\n\t\t\t<\/dt><\/dl><dl class='gallery-item masonry-item'>\n\t\t\t<dt class='gallery-icon portrait'>\n\t\t\t\t<a data-fancybox=\"colibri-2175-c5-group\" href='https:\/\/foodtopiahn.com\/wp-content\/uploads\/2024\/05\/9PA02494.jpg'><img loading=\"lazy\" decoding=\"async\"  width=\"200\" height=\"300\" src=\"https:\/\/foodtopiahn.com\/wp-content\/uploads\/2024\/05\/9PA02494.jpg\"  class='colibri-2175-c5-image' alt=\"\" \/><\/a>\n\t\t\t<\/dt><\/dl><dl class='gallery-item masonry-item'>\n\t\t\t<dt class='gallery-icon portrait'>\n\t\t\t\t<a data-fancybox=\"colibri-2175-c5-group\" href='https:\/\/foodtopiahn.com\/wp-content\/uploads\/2024\/05\/9PA02601.jpg'><img loading=\"lazy\" decoding=\"async\"  width=\"200\" height=\"300\" src=\"https:\/\/foodtopiahn.com\/wp-content\/uploads\/2024\/05\/9PA02601.jpg\"  class='colibri-2175-c5-image' alt=\"\" \/><\/a>\n\t\t\t<\/dt><\/dl><dl class='gallery-item masonry-item'>\n\t\t\t<dt class='gallery-icon portrait'>\n\t\t\t\t<a data-fancybox=\"colibri-2175-c5-group\" href='https:\/\/foodtopiahn.com\/wp-content\/uploads\/2024\/05\/9PA02860.jpg'><img loading=\"lazy\" decoding=\"async\"  width=\"200\" height=\"300\" src=\"https:\/\/foodtopiahn.com\/wp-content\/uploads\/2024\/05\/9PA02860.jpg\"  class='colibri-2175-c5-image' alt=\"\" \/><\/a>\n\t\t\t<\/dt><\/dl><dl class='gallery-item masonry-item'>\n\t\t\t<dt class='gallery-icon landscape'>\n\t\t\t\t<a data-fancybox=\"colibri-2175-c5-group\" href='https:\/\/foodtopiahn.com\/wp-content\/uploads\/2024\/05\/GBP_1616.jpg'><img loading=\"lazy\" decoding=\"async\"  width=\"300\" height=\"300\" src=\"https:\/\/foodtopiahn.com\/wp-content\/uploads\/2024\/05\/GBP_1616.jpg\"  class='colibri-2175-c5-image' alt=\"\" \/><\/a>\n\t\t\t<\/dt><\/dl><dl class='gallery-item masonry-item'>\n\t\t\t<dt class='gallery-icon portrait'>\n\t\t\t\t<a data-fancybox=\"colibri-2175-c5-group\" href='https:\/\/foodtopiahn.com\/wp-content\/uploads\/2024\/05\/Tarea-1-reloj-a-las-9.jpg'><img loading=\"lazy\" decoding=\"async\"  width=\"200\" height=\"300\" src=\"https:\/\/foodtopiahn.com\/wp-content\/uploads\/2024\/05\/Tarea-1-reloj-a-las-9.jpg\"  class='colibri-2175-c5-image' alt=\"\" \/><\/a>\n\t\t\t<\/dt><\/dl><dl class='gallery-item masonry-item'>\n\t\t\t<dt class='gallery-icon landscape'>\n\t\t\t\t<a data-fancybox=\"colibri-2175-c5-group\" href='https:\/\/foodtopiahn.com\/wp-content\/uploads\/2024\/05\/Nikon-4099.jpg'><img loading=\"lazy\" decoding=\"async\"  width=\"300\" height=\"200\" src=\"https:\/\/foodtopiahn.com\/wp-content\/uploads\/2024\/05\/Nikon-4099.jpg\"  class='colibri-2175-c5-image' alt=\"\" \/><\/a>\n\t\t\t<\/dt><\/dl><dl class='gallery-item masonry-item'>\n\t\t\t<dt class='gallery-icon portrait'>\n\t\t\t\t<a data-fancybox=\"colibri-2175-c5-group\" href='https:\/\/foodtopiahn.com\/wp-content\/uploads\/2024\/05\/GBP6934-1.jpg'><img loading=\"lazy\" decoding=\"async\"  width=\"200\" height=\"300\" src=\"https:\/\/foodtopiahn.com\/wp-content\/uploads\/2024\/05\/GBP6934-1.jpg\"  class='colibri-2175-c5-image' alt=\"\" \/><\/a>\n\t\t\t<\/dt><\/dl><dl class='gallery-item masonry-item'>\n\t\t\t<dt class='gallery-icon portrait'>\n\t\t\t\t<a data-fancybox=\"colibri-2175-c5-group\" href='https:\/\/foodtopiahn.com\/wp-content\/uploads\/2024\/05\/foodstyling_marketing-gastronomico-1.jpg'><img loading=\"lazy\" decoding=\"async\"  width=\"200\" height=\"300\" src=\"https:\/\/foodtopiahn.com\/wp-content\/uploads\/2024\/05\/foodstyling_marketing-gastronomico-1.jpg\"  class='colibri-2175-c5-image' alt=\"\" \/><\/a>\n\t\t\t<\/dt><\/dl><dl class='gallery-item masonry-item'>\n\t\t\t<dt class='gallery-icon portrait'>\n\t\t\t\t<a data-fancybox=\"colibri-2175-c5-group\" href='https:\/\/foodtopiahn.com\/wp-content\/uploads\/2024\/05\/GBP_9053-2.jpg'><img loading=\"lazy\" decoding=\"async\"  width=\"200\" height=\"300\" src=\"https:\/\/foodtopiahn.com\/wp-content\/uploads\/2024\/05\/GBP_9053-2.jpg\"  class='colibri-2175-c5-image' alt=\"\" \/><\/a>\n\t\t\t<\/dt><\/dl><dl class='gallery-item masonry-item'>\n\t\t\t<dt class='gallery-icon portrait'>\n\t\t\t\t<a data-fancybox=\"colibri-2175-c5-group\" href='https:\/\/foodtopiahn.com\/wp-content\/uploads\/2024\/05\/GBP5021.jpg'><img loading=\"lazy\" decoding=\"async\"  width=\"200\" height=\"300\" src=\"https:\/\/foodtopiahn.com\/wp-content\/uploads\/2024\/05\/GBP5021.jpg\"  class='colibri-2175-c5-image' alt=\"\" \/><\/a>\n\t\t\t<\/dt><\/dl><dl class='gallery-item masonry-item'>\n\t\t\t<dt class='gallery-icon portrait'>\n\t\t\t\t<a data-fancybox=\"colibri-2175-c5-group\" href='https:\/\/foodtopiahn.com\/wp-content\/uploads\/2024\/05\/GBP8119.jpg'><img loading=\"lazy\" decoding=\"async\"  width=\"200\" height=\"300\" src=\"https:\/\/foodtopiahn.com\/wp-content\/uploads\/2024\/05\/GBP8119.jpg\"  class='colibri-2175-c5-image' alt=\"\" \/><\/a>\n\t\t\t<\/dt><\/dl><dl class='gallery-item masonry-item'>\n\t\t\t<dt class='gallery-icon portrait'>\n\t\t\t\t<a data-fancybox=\"colibri-2175-c5-group\" href='https:\/\/foodtopiahn.com\/wp-content\/uploads\/2024\/05\/GBP9718.jpg'><img loading=\"lazy\" decoding=\"async\"  width=\"200\" height=\"300\" src=\"https:\/\/foodtopiahn.com\/wp-content\/uploads\/2024\/05\/GBP9718.jpg\"  class='colibri-2175-c5-image' alt=\"\" \/><\/a>\n\t\t\t<\/dt><\/dl><dl class='gallery-item masonry-item'>\n\t\t\t<dt class='gallery-icon portrait'>\n\t\t\t\t<a data-fancybox=\"colibri-2175-c5-group\" href='https:\/\/foodtopiahn.com\/wp-content\/uploads\/2024\/05\/9PA01877.jpg'><img loading=\"lazy\" decoding=\"async\"  width=\"200\" height=\"300\" src=\"https:\/\/foodtopiahn.com\/wp-content\/uploads\/2024\/05\/9PA01877.jpg\"  class='colibri-2175-c5-image' alt=\"\" \/><\/a>\n\t\t\t<\/dt><\/dl><dl class='gallery-item masonry-item'>\n\t\t\t<dt class='gallery-icon portrait'>\n\t\t\t\t<a data-fancybox=\"colibri-2175-c5-group\" href='https:\/\/foodtopiahn.com\/wp-content\/uploads\/2024\/05\/9PA01932.jpg'><img loading=\"lazy\" decoding=\"async\"  width=\"200\" height=\"300\" src=\"https:\/\/foodtopiahn.com\/wp-content\/uploads\/2024\/05\/9PA01932.jpg\"  class='colibri-2175-c5-image' alt=\"\" \/><\/a>\n\t\t\t<\/dt><\/dl><dl class='gallery-item masonry-item'>\n\t\t\t<dt class='gallery-icon portrait'>\n\t\t\t\t<a data-fancybox=\"colibri-2175-c5-group\" href='https:\/\/foodtopiahn.com\/wp-content\/uploads\/2024\/05\/9PA02204.jpg'><img loading=\"lazy\" decoding=\"async\"  width=\"200\" height=\"300\" src=\"https:\/\/foodtopiahn.com\/wp-content\/uploads\/2024\/05\/9PA02204.jpg\"  class='colibri-2175-c5-image' alt=\"\" \/><\/a>\n\t\t\t<\/dt><\/dl><dl class='gallery-item masonry-item'>\n\t\t\t<dt class='gallery-icon portrait'>\n\t\t\t\t<a data-fancybox=\"colibri-2175-c5-group\" href='https:\/\/foodtopiahn.com\/wp-content\/uploads\/2024\/05\/9PA02263.jpg'><img loading=\"lazy\" decoding=\"async\"  width=\"200\" height=\"300\" src=\"https:\/\/foodtopiahn.com\/wp-content\/uploads\/2024\/05\/9PA02263.jpg\"  class='colibri-2175-c5-image' alt=\"\" \/><\/a>\n\t\t\t<\/dt><\/dl><dl class='gallery-item masonry-item'>\n\t\t\t<dt class='gallery-icon portrait'>\n\t\t\t\t<a data-fancybox=\"colibri-2175-c5-group\" href='https:\/\/foodtopiahn.com\/wp-content\/uploads\/2024\/05\/79e965e8-6216-4d61-a4f6-128abd92e427.jpg'><img loading=\"lazy\" decoding=\"async\"  width=\"200\" height=\"300\" src=\"https:\/\/foodtopiahn.com\/wp-content\/uploads\/2024\/05\/79e965e8-6216-4d61-a4f6-128abd92e427.jpg\"  class='colibri-2175-c5-image' alt=\"\" \/><\/a>\n\t\t\t<\/dt><\/dl><dl class='gallery-item masonry-item'>\n\t\t\t<dt class='gallery-icon portrait'>\n\t\t\t\t<a data-fancybox=\"colibri-2175-c5-group\" href='https:\/\/foodtopiahn.com\/wp-content\/uploads\/2024\/05\/GBP2626.jpg'><img loading=\"lazy\" decoding=\"async\"  width=\"200\" height=\"300\" src=\"https:\/\/foodtopiahn.com\/wp-content\/uploads\/2024\/05\/GBP2626.jpg\"  class='colibri-2175-c5-image' alt=\"\" \/><\/a>\n\t\t\t<\/dt><\/dl><dl class='gallery-item masonry-item'>\n\t\t\t<dt class='gallery-icon portrait'>\n\t\t\t\t<a data-fancybox=\"colibri-2175-c5-group\" href='https:\/\/foodtopiahn.com\/wp-content\/uploads\/2024\/05\/GBP4158.jpg'><img loading=\"lazy\" decoding=\"async\"  width=\"200\" height=\"300\" src=\"https:\/\/foodtopiahn.com\/wp-content\/uploads\/2024\/05\/GBP4158.jpg\"  class='colibri-2175-c5-image' alt=\"\" \/><\/a>\n\t\t\t<\/dt><\/dl>\n\t\t\t\n\t\t<\/div>\n<style>#colibri-2175-c5 .wp-caption-text.gallery-caption{display:none;}<\/style><\/div><\/div>\n                <\/div>\n              <\/div>\n            <\/div>\n          <\/div>\n        <\/div>\n      <\/div>\n    <\/div>\n  <\/div>\n<\/div>","protected":false},"excerpt":{"rendered":"<p>Explor\u00e1 nuestra galer\u00eda de fotograf\u00edas de alimentos: capturamos la esencia de cada plato con pasi\u00f3n y dedicaci\u00f3n.<\/p>\n","protected":false},"author":1,"featured_media":0,"parent":0,"menu_order":0,"comment_status":"closed","ping_status":"closed","template":"page-templates\/full-width-page.php","meta":{"footnotes":""},"class_list":["post-2175","page","type-page","status-publish","hentry"],"aioseo_notices":[],"_links":{"self":[{"href":"https:\/\/foodtopiahn.com\/index.php\/wp-json\/wp\/v2\/pages\/2175","targetHints":{"allow":["GET"]}}],"collection":[{"href":"https:\/\/foodtopiahn.com\/index.php\/wp-json\/wp\/v2\/pages"}],"about":[{"href":"https:\/\/foodtopiahn.com\/index.php\/wp-json\/wp\/v2\/types\/page"}],"author":[{"embeddable":true,"href":"https:\/\/foodtopiahn.com\/index.php\/wp-json\/wp\/v2\/users\/1"}],"replies":[{"embeddable":true,"href":"https:\/\/foodtopiahn.com\/index.php\/wp-json\/wp\/v2\/comments?post=2175"}],"version-history":[{"count":4,"href":"https:\/\/foodtopiahn.com\/index.php\/wp-json\/wp\/v2\/pages\/2175\/revisions"}],"predecessor-version":[{"id":2703,"href":"https:\/\/foodtopiahn.com\/index.php\/wp-json\/wp\/v2\/pages\/2175\/revisions\/2703"}],"wp:attachment":[{"href":"https:\/\/foodtopiahn.com\/index.php\/wp-json\/wp\/v2\/media?parent=2175"}],"curies":[{"name":"wp","href":"https:\/\/api.w.org\/{rel}","templated":true}]}}